{"id":12648,"date":"2024-06-15T17:34:58","date_gmt":"2024-06-15T15:34:58","guid":{"rendered":"https:\/\/anabelnajera.com\/?post_type=product&#038;p=12648"},"modified":"2025-11-17T17:34:21","modified_gmt":"2025-11-17T16:34:21","slug":"black-matte-ring-kop","status":"publish","type":"product","link":"https:\/\/anabelnajera.com\/en\/product\/black-matte-ring-kop\/","title":{"rendered":"Black Matte Ring Kop"},"content":{"rendered":"<h3><b>Why You&#8217;ll Love It: <\/b><\/h3>\n<p><b><br \/>\n<\/b>The Ring Cups feature an ergonomic handle, textured base, and elegant narrowing shape, blending practicality with style. Its simple and functional design offers a comfortable grip for a seamless drinking experience, while the matte black finish adds a touch of sophistication to your daily routine.<\/p>\n<p>Consistently shaped with slight size variations, these cups are ideal for enjoying your preferred hot or cold beverages.<\/p>","protected":false},"excerpt":{"rendered":"<p>The handcrafted Black Matte Ring Cup is a fusion of refined elegance and functional design.<\/p>\n<p>Its standout feature is its small handle, designed to be used as a finger hook or holder, offering a comfortable grip for those who prefer not to grasp the cup entirely by its handle.<\/p>\n<p>&nbsp;<\/p>\n<p>&nbsp;<\/p>\n<p><b>Features:<\/b><\/p>\n<ul>\n<li aria-level=\"1\"><b>Material:<\/b> High-quality, durable ceramic. Stoneware<\/li>\n<li aria-level=\"1\"><b>Design:<\/b> Narrowing cylindrical shape with textured base<\/li>\n<li aria-level=\"1\"><b>Capacity:<\/b> Holds 200 ml<\/li>\n<li aria-level=\"1\"><b>Dimensions:<\/b><b><br \/>\n<\/b><b>Height: <\/b>7 cm<br \/>\n<b>Diameter: <\/b>8 cm<\/li>\n<li aria-level=\"1\"><b>Colors:<\/b> Black matte<\/li>\n<li aria-level=\"1\"><b>Care:<\/b> Microwave and dishwasher safe<\/li>\n<\/ul>","protected":false},"featured_media":15808,"template":"","meta":{"_monsterinsights_skip_tracking":false,"_monsterinsights_sitenote_active":false,"_monsterinsights_sitenote_note":"","_monsterinsights_sitenote_category":0},"product_cat":[28,109],"product_tag":[],"yoast_head":"<!-- This site is optimized with the Yoast SEO plugin v23.4 - https:\/\/yoast.com\/wordpress\/plugins\/seo\/ -->\n<title>Unikke Keramiske Kopper - BARRO by ANL - Keramik Webshop<\/title>\n<meta name=\"description\" content=\"Udforsk vores samling af h\u00e5ndlavede keramiske kopper, perfekte til at nyde dine foretrukne drikkevarer med stil. Fra morgenkaffen til aftenteen - find den perfekte kop til at l\u00f8fte din drikkeoplevelse. K\u00f8b nu og tilf\u00f8j et strejf af h\u00e5ndv\u00e6rkercharme til din bordd\u00e6kning.\" \/>\n<meta name=\"robots\" content=\"index, follow, max-snippet:-1, max-image-preview:large, max-video-preview:-1\" \/>\n<link rel=\"canonical\" href=\"https:\/\/anabelnajera.com\/en\/product\/black-matte-ring-kop\/\" \/>\n<meta property=\"og:locale\" content=\"en_US\" \/>\n<meta property=\"og:type\" content=\"article\" \/>\n<meta property=\"og:title\" content=\"Unikke Keramiske Kopper - BARRO by ANL - Keramik Webshop\" \/>\n<meta property=\"og:description\" content=\"Udforsk vores samling af h\u00e5ndlavede keramiske kopper, perfekte til at nyde dine foretrukne drikkevarer med stil. Fra morgenkaffen til aftenteen - find den perfekte kop til at l\u00f8fte din drikkeoplevelse. K\u00f8b nu og tilf\u00f8j et strejf af h\u00e5ndv\u00e6rkercharme til din bordd\u00e6kning.\" \/>\n<meta property=\"og:url\" content=\"https:\/\/anabelnajera.com\/en\/product\/black-matte-ring-kop\/\" \/>\n<meta property=\"og:site_name\" content=\"BARRObyANL\" \/>\n<meta property=\"article:modified_time\" content=\"2025-11-17T16:34:21+00:00\" \/>\n<meta property=\"og:image\" content=\"https:\/\/anabelnajera.com\/wp-content\/uploads\/2024\/06\/IMG_4982.e.jpg\" \/>\n\t<meta property=\"og:image:width\" content=\"1280\" \/>\n\t<meta property=\"og:image:height\" content=\"1920\" \/>\n\t<meta property=\"og:image:type\" content=\"image\/jpeg\" \/>\n<meta name=\"twitter:card\" content=\"summary_large_image\" \/>\n<meta name=\"twitter:label1\" content=\"Est. reading time\" \/>\n\t<meta name=\"twitter:data1\" content=\"1 minute\" \/>\n<script type=\"application\/ld+json\" class=\"yoast-schema-graph\">{\"@context\":\"https:\/\/schema.org\",\"@graph\":[{\"@type\":\"WebPage\",\"@id\":\"https:\/\/anabelnajera.com\/product\/black-matte-ring-kop\/\",\"url\":\"https:\/\/anabelnajera.com\/product\/black-matte-ring-kop\/\",\"name\":\"Unikke Keramiske Kopper - BARRO by ANL - Keramik Webshop\",\"isPartOf\":{\"@id\":\"https:\/\/anabelnajera.com\/#website\"},\"primaryImageOfPage\":{\"@id\":\"https:\/\/anabelnajera.com\/product\/black-matte-ring-kop\/#primaryimage\"},\"image\":{\"@id\":\"https:\/\/anabelnajera.com\/product\/black-matte-ring-kop\/#primaryimage\"},\"thumbnailUrl\":\"https:\/\/anabelnajera.com\/wp-content\/uploads\/2024\/06\/IMG_4982.e.jpg\",\"datePublished\":\"2024-06-15T15:34:58+00:00\",\"dateModified\":\"2025-11-17T16:34:21+00:00\",\"description\":\"Udforsk vores samling af h\u00e5ndlavede keramiske kopper, perfekte til at nyde dine foretrukne drikkevarer med stil. Fra morgenkaffen til aftenteen - find den perfekte kop til at l\u00f8fte din drikkeoplevelse. K\u00f8b nu og tilf\u00f8j et strejf af h\u00e5ndv\u00e6rkercharme til din bordd\u00e6kning.\",\"breadcrumb\":{\"@id\":\"https:\/\/anabelnajera.com\/product\/black-matte-ring-kop\/#breadcrumb\"},\"inLanguage\":\"en-US\",\"potentialAction\":[{\"@type\":\"ReadAction\",\"target\":[\"https:\/\/anabelnajera.com\/product\/black-matte-ring-kop\/\"]}]},{\"@type\":\"ImageObject\",\"inLanguage\":\"en-US\",\"@id\":\"https:\/\/anabelnajera.com\/product\/black-matte-ring-kop\/#primaryimage\",\"url\":\"https:\/\/anabelnajera.com\/wp-content\/uploads\/2024\/06\/IMG_4982.e.jpg\",\"contentUrl\":\"https:\/\/anabelnajera.com\/wp-content\/uploads\/2024\/06\/IMG_4982.e.jpg\",\"width\":1280,\"height\":1920},{\"@type\":\"BreadcrumbList\",\"@id\":\"https:\/\/anabelnajera.com\/product\/black-matte-ring-kop\/#breadcrumb\",\"itemListElement\":[{\"@type\":\"ListItem\",\"position\":1,\"name\":\"Home\",\"item\":\"https:\/\/anabelnajera.com\/\"},{\"@type\":\"ListItem\",\"position\":2,\"name\":\"Varer\",\"item\":\"https:\/\/anabelnajera.com\/shop\/\"},{\"@type\":\"ListItem\",\"position\":3,\"name\":\"Black Matte Ring Kop\"}]},{\"@type\":\"WebSite\",\"@id\":\"https:\/\/anabelnajera.com\/#website\",\"url\":\"https:\/\/anabelnajera.com\/\",\"name\":\"BARRO by ANL - Keramik kursus & Shop\",\"description\":\"BARRO - Keramik Vaerksted i Aarhus\",\"publisher\":{\"@id\":\"https:\/\/anabelnajera.com\/#\/schema\/person\/1581017dc722ff0216963fd54d75ae38\"},\"alternateName\":\"Anabel Najera-Lopez - keramik kunstner\",\"potentialAction\":[{\"@type\":\"SearchAction\",\"target\":{\"@type\":\"EntryPoint\",\"urlTemplate\":\"https:\/\/anabelnajera.com\/?s={search_term_string}\"},\"query-input\":{\"@type\":\"PropertyValueSpecification\",\"valueRequired\":true,\"valueName\":\"search_term_string\"}}],\"inLanguage\":\"en-US\"},{\"@type\":[\"Person\",\"Organization\"],\"@id\":\"https:\/\/anabelnajera.com\/#\/schema\/person\/1581017dc722ff0216963fd54d75ae38\",\"name\":\"Anabel Najera-Lopez\",\"image\":{\"@type\":\"ImageObject\",\"inLanguage\":\"en-US\",\"@id\":\"https:\/\/anabelnajera.com\/#\/schema\/person\/image\/\",\"url\":\"https:\/\/anabelnajera.com\/wp-content\/uploads\/2020\/08\/BARROlogo.jpg\",\"contentUrl\":\"https:\/\/anabelnajera.com\/wp-content\/uploads\/2020\/08\/BARROlogo.jpg\",\"width\":500,\"height\":500,\"caption\":\"Anabel Najera-Lopez\"},\"logo\":{\"@id\":\"https:\/\/anabelnajera.com\/#\/schema\/person\/image\/\"},\"sameAs\":[\"http:\/\/anabelnajera.com\",\"https:\/\/www.instagram.com\/anabelnajera.l\/\"]}]}<\/script>\n<!-- \/ Yoast SEO plugin. -->","yoast_head_json":{"title":"Unikke Keramiske Kopper - BARRO by ANL - Keramik Webshop","description":"Udforsk vores samling af h\u00e5ndlavede keramiske kopper, perfekte til at nyde dine foretrukne drikkevarer med stil. Fra morgenkaffen til aftenteen - find den perfekte kop til at l\u00f8fte din drikkeoplevelse. K\u00f8b nu og tilf\u00f8j et strejf af h\u00e5ndv\u00e6rkercharme til din bordd\u00e6kning.","robots":{"index":"index","follow":"follow","max-snippet":"max-snippet:-1","max-image-preview":"max-image-preview:large","max-video-preview":"max-video-preview:-1"},"canonical":"https:\/\/anabelnajera.com\/en\/product\/black-matte-ring-kop\/","og_locale":"en_US","og_type":"article","og_title":"Unikke Keramiske Kopper - BARRO by ANL - Keramik Webshop","og_description":"Udforsk vores samling af h\u00e5ndlavede keramiske kopper, perfekte til at nyde dine foretrukne drikkevarer med stil. Fra morgenkaffen til aftenteen - find den perfekte kop til at l\u00f8fte din drikkeoplevelse. K\u00f8b nu og tilf\u00f8j et strejf af h\u00e5ndv\u00e6rkercharme til din bordd\u00e6kning.","og_url":"https:\/\/anabelnajera.com\/en\/product\/black-matte-ring-kop\/","og_site_name":"BARRObyANL","article_modified_time":"2025-11-17T16:34:21+00:00","og_image":[{"width":1280,"height":1920,"url":"https:\/\/anabelnajera.com\/wp-content\/uploads\/2024\/06\/IMG_4982.e.jpg","type":"image\/jpeg"}],"twitter_card":"summary_large_image","twitter_misc":{"Est. reading time":"1 minute"},"schema":{"@context":"https:\/\/schema.org","@graph":[{"@type":"WebPage","@id":"https:\/\/anabelnajera.com\/product\/black-matte-ring-kop\/","url":"https:\/\/anabelnajera.com\/product\/black-matte-ring-kop\/","name":"Unikke Keramiske Kopper - BARRO by ANL - Keramik Webshop","isPartOf":{"@id":"https:\/\/anabelnajera.com\/#website"},"primaryImageOfPage":{"@id":"https:\/\/anabelnajera.com\/product\/black-matte-ring-kop\/#primaryimage"},"image":{"@id":"https:\/\/anabelnajera.com\/product\/black-matte-ring-kop\/#primaryimage"},"thumbnailUrl":"https:\/\/anabelnajera.com\/wp-content\/uploads\/2024\/06\/IMG_4982.e.jpg","datePublished":"2024-06-15T15:34:58+00:00","dateModified":"2025-11-17T16:34:21+00:00","description":"Udforsk vores samling af h\u00e5ndlavede keramiske kopper, perfekte til at nyde dine foretrukne drikkevarer med stil. Fra morgenkaffen til aftenteen - find den perfekte kop til at l\u00f8fte din drikkeoplevelse. K\u00f8b nu og tilf\u00f8j et strejf af h\u00e5ndv\u00e6rkercharme til din bordd\u00e6kning.","breadcrumb":{"@id":"https:\/\/anabelnajera.com\/product\/black-matte-ring-kop\/#breadcrumb"},"inLanguage":"en-US","potentialAction":[{"@type":"ReadAction","target":["https:\/\/anabelnajera.com\/product\/black-matte-ring-kop\/"]}]},{"@type":"ImageObject","inLanguage":"en-US","@id":"https:\/\/anabelnajera.com\/product\/black-matte-ring-kop\/#primaryimage","url":"https:\/\/anabelnajera.com\/wp-content\/uploads\/2024\/06\/IMG_4982.e.jpg","contentUrl":"https:\/\/anabelnajera.com\/wp-content\/uploads\/2024\/06\/IMG_4982.e.jpg","width":1280,"height":1920},{"@type":"BreadcrumbList","@id":"https:\/\/anabelnajera.com\/product\/black-matte-ring-kop\/#breadcrumb","itemListElement":[{"@type":"ListItem","position":1,"name":"Home","item":"https:\/\/anabelnajera.com\/"},{"@type":"ListItem","position":2,"name":"Varer","item":"https:\/\/anabelnajera.com\/shop\/"},{"@type":"ListItem","position":3,"name":"Black Matte Ring Kop"}]},{"@type":"WebSite","@id":"https:\/\/anabelnajera.com\/#website","url":"https:\/\/anabelnajera.com\/","name":"BARRO by ANL - Keramik kursus & Shop","description":"BARRO - Keramik Vaerksted i Aarhus","publisher":{"@id":"https:\/\/anabelnajera.com\/#\/schema\/person\/1581017dc722ff0216963fd54d75ae38"},"alternateName":"Anabel Najera-Lopez - keramik kunstner","potentialAction":[{"@type":"SearchAction","target":{"@type":"EntryPoint","urlTemplate":"https:\/\/anabelnajera.com\/?s={search_term_string}"},"query-input":{"@type":"PropertyValueSpecification","valueRequired":true,"valueName":"search_term_string"}}],"inLanguage":"en-US"},{"@type":["Person","Organization"],"@id":"https:\/\/anabelnajera.com\/#\/schema\/person\/1581017dc722ff0216963fd54d75ae38","name":"Anabel Najera-Lopez","image":{"@type":"ImageObject","inLanguage":"en-US","@id":"https:\/\/anabelnajera.com\/#\/schema\/person\/image\/","url":"https:\/\/anabelnajera.com\/wp-content\/uploads\/2020\/08\/BARROlogo.jpg","contentUrl":"https:\/\/anabelnajera.com\/wp-content\/uploads\/2020\/08\/BARROlogo.jpg","width":500,"height":500,"caption":"Anabel Najera-Lopez"},"logo":{"@id":"https:\/\/anabelnajera.com\/#\/schema\/person\/image\/"},"sameAs":["http:\/\/anabelnajera.com","https:\/\/www.instagram.com\/anabelnajera.l\/"]}]}},"jetpack_sharing_enabled":true,"_links":{"self":[{"href":"https:\/\/anabelnajera.com\/en\/wp-json\/wp\/v2\/product\/12648"}],"collection":[{"href":"https:\/\/anabelnajera.com\/en\/wp-json\/wp\/v2\/product"}],"about":[{"href":"https:\/\/anabelnajera.com\/en\/wp-json\/wp\/v2\/types\/product"}],"version-history":[{"count":6,"href":"https:\/\/anabelnajera.com\/en\/wp-json\/wp\/v2\/product\/12648\/revisions"}],"predecessor-version":[{"id":12757,"href":"https:\/\/anabelnajera.com\/en\/wp-json\/wp\/v2\/product\/12648\/revisions\/12757"}],"wp:featuredmedia":[{"embeddable":true,"href":"https:\/\/anabelnajera.com\/en\/wp-json\/wp\/v2\/media\/15808"}],"wp:attachment":[{"href":"https:\/\/anabelnajera.com\/en\/wp-json\/wp\/v2\/media?parent=12648"}],"wp:term":[{"taxonomy":"product_cat","embeddable":true,"href":"https:\/\/anabelnajera.com\/en\/wp-json\/wp\/v2\/product_cat?post=12648"},{"taxonomy":"product_tag","embeddable":true,"href":"https:\/\/anabelnajera.com\/en\/wp-json\/wp\/v2\/product_tag?post=12648"}],"curies":[{"name":"wp","href":"https:\/\/api.w.org\/{rel}","templated":true}]}}