{"id":12652,"date":"2024-06-15T17:36:04","date_gmt":"2024-06-15T15:36:04","guid":{"rendered":"https:\/\/anabelnajera.com\/?post_type=product&#038;p=12652"},"modified":"2025-10-28T14:28:16","modified_gmt":"2025-10-28T13:28:16","slug":"black-golden-vase-1","status":"publish","type":"product","link":"https:\/\/anabelnajera.com\/en\/product\/black-golden-vase-1\/","title":{"rendered":"Black Golden Vase I"},"content":{"rendered":"<h3><strong>Why You&#8217;ll Love It:<\/strong><\/h3>\n<p>&nbsp;<\/p>\n<p>This handcrafted vase stands out with its unique, narrowing silhouette and textured surface, adding a touch of rustic sophistication to any room. The rich black color with wild golden undertones and matte finish creates a striking visual appeal, making it a perfect centerpiece for your table or a stylish accent on a shelf.<\/p>\n<p>Each vase is a one-of-a-kind piece, with slight variations in color that highlight the artisanal process. Its versatile design complements a variety of decor styles, from modern minimalism to cozy rustic.<\/p>\n<p>Ideal as a standalone decorative piece, for showcasing dried arrangements, or a small bouquet of your favorite flowers, this Black Golden Ceramic Vase brings natural beauty and elegance into your home. Embrace the charm of handcrafted artistry and elevate your space with this exquisite vase.<\/p>","protected":false},"excerpt":{"rendered":"<p>The Handcrafted Black Golden Vase is a perfect embodiment of artisanal elegance and earthy charm. This unique vase is a stunning addition to any space, blending minimalist aesthetics with timeless design.<\/p>\n<p>&nbsp;<\/p>\n<p>&nbsp;<\/p>\n<p><strong>Features:<\/strong><\/p>\n<ul>\n<li style=\"list-style-type: none;\">\n<ul>\n<li><strong>Material:<\/strong> High-quality, durable stoneware ceramic<\/li>\n<li><strong>Design:<\/strong> Elegant long neck vase with textured surface and matte finish<\/li>\n<li><strong>Dimensions:<\/strong>\n<ul>\n<li><strong>Height:<\/strong> 16 cm<\/li>\n<li><strong>Diameter:<\/strong> 10 cm at the base<\/li>\n<\/ul>\n<\/li>\n<li><strong>Colors:<\/strong> Black with golden spots and a matte finish that highlights its handcrafted nature<\/li>\n<li><strong>Care:<\/strong> Easy to clean with a damp cloth<\/li>\n<\/ul>\n<\/li>\n<\/ul>","protected":false},"featured_media":15729,"template":"","meta":{"_monsterinsights_skip_tracking":false,"_monsterinsights_sitenote_active":false,"_monsterinsights_sitenote_note":"","_monsterinsights_sitenote_category":0},"product_cat":[28,111],"product_tag":[],"yoast_head":"<!-- This site is optimized with the Yoast SEO plugin v23.4 - https:\/\/yoast.com\/wordpress\/plugins\/seo\/ -->\n<title>H\u00e5ndlavede Keramiske Vaser - BARRO by ANL - Keramik Webshop<\/title>\n<meta name=\"description\" content=\"Opdag vores samling af h\u00e5ndlavede keramiske vaser, designet til at tilf\u00f8re elegance og charme til ethvert rum. Minimalistiske designs med variationer i st\u00f8rrelse og farve, find den perfekte vase til at komplementere din hjemmeindretning. Shop nu og l\u00f8ft dit rum med vores uds\u00f8gte keramiske kreationer.\" \/>\n<meta name=\"robots\" content=\"index, follow, max-snippet:-1, max-image-preview:large, max-video-preview:-1\" \/>\n<link rel=\"canonical\" href=\"https:\/\/anabelnajera.com\/en\/product\/black-golden-vase-1\/\" \/>\n<meta property=\"og:locale\" content=\"en_US\" \/>\n<meta property=\"og:type\" content=\"article\" \/>\n<meta property=\"og:title\" content=\"H\u00e5ndlavede Keramiske Vaser - BARRO by ANL - Keramik Webshop\" \/>\n<meta property=\"og:description\" content=\"Opdag vores samling af h\u00e5ndlavede keramiske vaser, designet til at tilf\u00f8re elegance og charme til ethvert rum. Minimalistiske designs med variationer i st\u00f8rrelse og farve, find den perfekte vase til at komplementere din hjemmeindretning. Shop nu og l\u00f8ft dit rum med vores uds\u00f8gte keramiske kreationer.\" \/>\n<meta property=\"og:url\" content=\"https:\/\/anabelnajera.com\/en\/product\/black-golden-vase-1\/\" \/>\n<meta property=\"og:site_name\" content=\"BARRObyANL\" \/>\n<meta property=\"article:modified_time\" content=\"2025-10-28T13:28:16+00:00\" \/>\n<meta property=\"og:image\" content=\"https:\/\/anabelnajera.com\/wp-content\/uploads\/2024\/08\/IMG_4951.e.jpg\" \/>\n\t<meta property=\"og:image:width\" content=\"1280\" \/>\n\t<meta property=\"og:image:height\" content=\"1920\" \/>\n\t<meta property=\"og:image:type\" content=\"image\/jpeg\" \/>\n<meta name=\"twitter:card\" content=\"summary_large_image\" \/>\n<meta name=\"twitter:label1\" content=\"Est. reading time\" \/>\n\t<meta name=\"twitter:data1\" content=\"1 minute\" \/>\n<script type=\"application\/ld+json\" class=\"yoast-schema-graph\">{\"@context\":\"https:\/\/schema.org\",\"@graph\":[{\"@type\":\"WebPage\",\"@id\":\"https:\/\/anabelnajera.com\/product\/black-golden-vase-1\/\",\"url\":\"https:\/\/anabelnajera.com\/product\/black-golden-vase-1\/\",\"name\":\"H\u00e5ndlavede Keramiske Vaser - BARRO by ANL - Keramik Webshop\",\"isPartOf\":{\"@id\":\"https:\/\/anabelnajera.com\/#website\"},\"primaryImageOfPage\":{\"@id\":\"https:\/\/anabelnajera.com\/product\/black-golden-vase-1\/#primaryimage\"},\"image\":{\"@id\":\"https:\/\/anabelnajera.com\/product\/black-golden-vase-1\/#primaryimage\"},\"thumbnailUrl\":\"https:\/\/anabelnajera.com\/wp-content\/uploads\/2024\/08\/IMG_4951.e.jpg\",\"datePublished\":\"2024-06-15T15:36:04+00:00\",\"dateModified\":\"2025-10-28T13:28:16+00:00\",\"description\":\"Opdag vores samling af h\u00e5ndlavede keramiske vaser, designet til at tilf\u00f8re elegance og charme til ethvert rum. Minimalistiske designs med variationer i st\u00f8rrelse og farve, find den perfekte vase til at komplementere din hjemmeindretning. Shop nu og l\u00f8ft dit rum med vores uds\u00f8gte keramiske kreationer.\",\"breadcrumb\":{\"@id\":\"https:\/\/anabelnajera.com\/product\/black-golden-vase-1\/#breadcrumb\"},\"inLanguage\":\"en-US\",\"potentialAction\":[{\"@type\":\"ReadAction\",\"target\":[\"https:\/\/anabelnajera.com\/product\/black-golden-vase-1\/\"]}]},{\"@type\":\"ImageObject\",\"inLanguage\":\"en-US\",\"@id\":\"https:\/\/anabelnajera.com\/product\/black-golden-vase-1\/#primaryimage\",\"url\":\"https:\/\/anabelnajera.com\/wp-content\/uploads\/2024\/08\/IMG_4951.e.jpg\",\"contentUrl\":\"https:\/\/anabelnajera.com\/wp-content\/uploads\/2024\/08\/IMG_4951.e.jpg\",\"width\":1280,\"height\":1920},{\"@type\":\"BreadcrumbList\",\"@id\":\"https:\/\/anabelnajera.com\/product\/black-golden-vase-1\/#breadcrumb\",\"itemListElement\":[{\"@type\":\"ListItem\",\"position\":1,\"name\":\"Home\",\"item\":\"https:\/\/anabelnajera.com\/\"},{\"@type\":\"ListItem\",\"position\":2,\"name\":\"Varer\",\"item\":\"https:\/\/anabelnajera.com\/shop\/\"},{\"@type\":\"ListItem\",\"position\":3,\"name\":\"Black Golden Vase I\"}]},{\"@type\":\"WebSite\",\"@id\":\"https:\/\/anabelnajera.com\/#website\",\"url\":\"https:\/\/anabelnajera.com\/\",\"name\":\"BARRO by ANL - Keramik kursus & Shop\",\"description\":\"BARRO - Keramik Vaerksted i Aarhus\",\"publisher\":{\"@id\":\"https:\/\/anabelnajera.com\/#\/schema\/person\/1581017dc722ff0216963fd54d75ae38\"},\"alternateName\":\"Anabel Najera-Lopez - keramik kunstner\",\"potentialAction\":[{\"@type\":\"SearchAction\",\"target\":{\"@type\":\"EntryPoint\",\"urlTemplate\":\"https:\/\/anabelnajera.com\/?s={search_term_string}\"},\"query-input\":{\"@type\":\"PropertyValueSpecification\",\"valueRequired\":true,\"valueName\":\"search_term_string\"}}],\"inLanguage\":\"en-US\"},{\"@type\":[\"Person\",\"Organization\"],\"@id\":\"https:\/\/anabelnajera.com\/#\/schema\/person\/1581017dc722ff0216963fd54d75ae38\",\"name\":\"Anabel Najera-Lopez\",\"image\":{\"@type\":\"ImageObject\",\"inLanguage\":\"en-US\",\"@id\":\"https:\/\/anabelnajera.com\/#\/schema\/person\/image\/\",\"url\":\"https:\/\/anabelnajera.com\/wp-content\/uploads\/2020\/08\/BARROlogo.jpg\",\"contentUrl\":\"https:\/\/anabelnajera.com\/wp-content\/uploads\/2020\/08\/BARROlogo.jpg\",\"width\":500,\"height\":500,\"caption\":\"Anabel Najera-Lopez\"},\"logo\":{\"@id\":\"https:\/\/anabelnajera.com\/#\/schema\/person\/image\/\"},\"sameAs\":[\"http:\/\/anabelnajera.com\",\"https:\/\/www.instagram.com\/anabelnajera.l\/\"]}]}<\/script>\n<!-- \/ Yoast SEO plugin. -->","yoast_head_json":{"title":"H\u00e5ndlavede Keramiske Vaser - BARRO by ANL - Keramik Webshop","description":"Opdag vores samling af h\u00e5ndlavede keramiske vaser, designet til at tilf\u00f8re elegance og charme til ethvert rum. Minimalistiske designs med variationer i st\u00f8rrelse og farve, find den perfekte vase til at komplementere din hjemmeindretning. Shop nu og l\u00f8ft dit rum med vores uds\u00f8gte keramiske kreationer.","robots":{"index":"index","follow":"follow","max-snippet":"max-snippet:-1","max-image-preview":"max-image-preview:large","max-video-preview":"max-video-preview:-1"},"canonical":"https:\/\/anabelnajera.com\/en\/product\/black-golden-vase-1\/","og_locale":"en_US","og_type":"article","og_title":"H\u00e5ndlavede Keramiske Vaser - BARRO by ANL - Keramik Webshop","og_description":"Opdag vores samling af h\u00e5ndlavede keramiske vaser, designet til at tilf\u00f8re elegance og charme til ethvert rum. Minimalistiske designs med variationer i st\u00f8rrelse og farve, find den perfekte vase til at komplementere din hjemmeindretning. Shop nu og l\u00f8ft dit rum med vores uds\u00f8gte keramiske kreationer.","og_url":"https:\/\/anabelnajera.com\/en\/product\/black-golden-vase-1\/","og_site_name":"BARRObyANL","article_modified_time":"2025-10-28T13:28:16+00:00","og_image":[{"width":1280,"height":1920,"url":"https:\/\/anabelnajera.com\/wp-content\/uploads\/2024\/08\/IMG_4951.e.jpg","type":"image\/jpeg"}],"twitter_card":"summary_large_image","twitter_misc":{"Est. reading time":"1 minute"},"schema":{"@context":"https:\/\/schema.org","@graph":[{"@type":"WebPage","@id":"https:\/\/anabelnajera.com\/product\/black-golden-vase-1\/","url":"https:\/\/anabelnajera.com\/product\/black-golden-vase-1\/","name":"H\u00e5ndlavede Keramiske Vaser - BARRO by ANL - Keramik Webshop","isPartOf":{"@id":"https:\/\/anabelnajera.com\/#website"},"primaryImageOfPage":{"@id":"https:\/\/anabelnajera.com\/product\/black-golden-vase-1\/#primaryimage"},"image":{"@id":"https:\/\/anabelnajera.com\/product\/black-golden-vase-1\/#primaryimage"},"thumbnailUrl":"https:\/\/anabelnajera.com\/wp-content\/uploads\/2024\/08\/IMG_4951.e.jpg","datePublished":"2024-06-15T15:36:04+00:00","dateModified":"2025-10-28T13:28:16+00:00","description":"Opdag vores samling af h\u00e5ndlavede keramiske vaser, designet til at tilf\u00f8re elegance og charme til ethvert rum. Minimalistiske designs med variationer i st\u00f8rrelse og farve, find den perfekte vase til at komplementere din hjemmeindretning. Shop nu og l\u00f8ft dit rum med vores uds\u00f8gte keramiske kreationer.","breadcrumb":{"@id":"https:\/\/anabelnajera.com\/product\/black-golden-vase-1\/#breadcrumb"},"inLanguage":"en-US","potentialAction":[{"@type":"ReadAction","target":["https:\/\/anabelnajera.com\/product\/black-golden-vase-1\/"]}]},{"@type":"ImageObject","inLanguage":"en-US","@id":"https:\/\/anabelnajera.com\/product\/black-golden-vase-1\/#primaryimage","url":"https:\/\/anabelnajera.com\/wp-content\/uploads\/2024\/08\/IMG_4951.e.jpg","contentUrl":"https:\/\/anabelnajera.com\/wp-content\/uploads\/2024\/08\/IMG_4951.e.jpg","width":1280,"height":1920},{"@type":"BreadcrumbList","@id":"https:\/\/anabelnajera.com\/product\/black-golden-vase-1\/#breadcrumb","itemListElement":[{"@type":"ListItem","position":1,"name":"Home","item":"https:\/\/anabelnajera.com\/"},{"@type":"ListItem","position":2,"name":"Varer","item":"https:\/\/anabelnajera.com\/shop\/"},{"@type":"ListItem","position":3,"name":"Black Golden Vase I"}]},{"@type":"WebSite","@id":"https:\/\/anabelnajera.com\/#website","url":"https:\/\/anabelnajera.com\/","name":"BARRO by ANL - Keramik kursus & Shop","description":"BARRO - Keramik Vaerksted i Aarhus","publisher":{"@id":"https:\/\/anabelnajera.com\/#\/schema\/person\/1581017dc722ff0216963fd54d75ae38"},"alternateName":"Anabel Najera-Lopez - keramik kunstner","potentialAction":[{"@type":"SearchAction","target":{"@type":"EntryPoint","urlTemplate":"https:\/\/anabelnajera.com\/?s={search_term_string}"},"query-input":{"@type":"PropertyValueSpecification","valueRequired":true,"valueName":"search_term_string"}}],"inLanguage":"en-US"},{"@type":["Person","Organization"],"@id":"https:\/\/anabelnajera.com\/#\/schema\/person\/1581017dc722ff0216963fd54d75ae38","name":"Anabel Najera-Lopez","image":{"@type":"ImageObject","inLanguage":"en-US","@id":"https:\/\/anabelnajera.com\/#\/schema\/person\/image\/","url":"https:\/\/anabelnajera.com\/wp-content\/uploads\/2020\/08\/BARROlogo.jpg","contentUrl":"https:\/\/anabelnajera.com\/wp-content\/uploads\/2020\/08\/BARROlogo.jpg","width":500,"height":500,"caption":"Anabel Najera-Lopez"},"logo":{"@id":"https:\/\/anabelnajera.com\/#\/schema\/person\/image\/"},"sameAs":["http:\/\/anabelnajera.com","https:\/\/www.instagram.com\/anabelnajera.l\/"]}]}},"jetpack_sharing_enabled":true,"_links":{"self":[{"href":"https:\/\/anabelnajera.com\/en\/wp-json\/wp\/v2\/product\/12652"}],"collection":[{"href":"https:\/\/anabelnajera.com\/en\/wp-json\/wp\/v2\/product"}],"about":[{"href":"https:\/\/anabelnajera.com\/en\/wp-json\/wp\/v2\/types\/product"}],"version-history":[{"count":5,"href":"https:\/\/anabelnajera.com\/en\/wp-json\/wp\/v2\/product\/12652\/revisions"}],"predecessor-version":[{"id":15623,"href":"https:\/\/anabelnajera.com\/en\/wp-json\/wp\/v2\/product\/12652\/revisions\/15623"}],"wp:featuredmedia":[{"embeddable":true,"href":"https:\/\/anabelnajera.com\/en\/wp-json\/wp\/v2\/media\/15729"}],"wp:attachment":[{"href":"https:\/\/anabelnajera.com\/en\/wp-json\/wp\/v2\/media?parent=12652"}],"wp:term":[{"taxonomy":"product_cat","embeddable":true,"href":"https:\/\/anabelnajera.com\/en\/wp-json\/wp\/v2\/product_cat?post=12652"},{"taxonomy":"product_tag","embeddable":true,"href":"https:\/\/anabelnajera.com\/en\/wp-json\/wp\/v2\/product_tag?post=12652"}],"curies":[{"name":"wp","href":"https:\/\/api.w.org\/{rel}","templated":true}]}}